{"id":964,"date":"2020-01-02T00:11:33","date_gmt":"2020-01-01T22:11:33","guid":{"rendered":"http:\/\/www.naturebonsai.ro\/?page_id=964"},"modified":"2020-02-09T18:10:30","modified_gmt":"2020-02-09T16:10:30","slug":"termeni-si-conditii","status":"publish","type":"page","link":"https:\/\/www.naturebonsai.ro\/en\/termeni-si-conditii\/","title":{"rendered":"Terms and conditions"},"content":{"rendered":"<p>Prezentul document, continand termenii si conditiile de utilizare ale site-ului\n&nbsp;naturebonsai.ro, stabileste conditiile in\ncare orice persoana poate vizita ori accesa site-ul &nbsp;naturebonsai.ro ori poate utiliza in orice\nmod serviciile oferite prin intermediul site-ului.<\/p>\n\n\n\n<p>Site-ul &nbsp;naturebonsai.ro, denumit in continuare \u201cnaturebonsai.ro\u201d, este detinut si administrat\nde RADUTA MARIUS-CRISTIAN PERSOANA FIZICA AUTORIZATA, in continuare RMC-PFA, avand urmatoarele date de\nidentificare: num\u0103r de ordine \u00een registrul comer\u0163ului F15\/1149\/22.05.2017, cod unic de \u00eenregistrare 37623750\/22\/05\/2017 si cu sediul profesional in Sat\nCatunu, Comuna Cornesti, nr. 119, Judet Dambovita, tel.0720.516.026, e-mail: office@naturebonsai.ro.<\/p>\n\n\n\n<p>Prin accesarea si navigarea oricarei pagini sau sectiuni ale site-ului naturebonsai.ro cat si cumpararea sau\nutilizarea serviciului pus la dispozitie prin intermediul site-ului,\nutilizatorul accepta in intregime si neconditionat prevederile acestor Termeni\nsi Conditii si intelege sa utilizeze Serviciul in stricta conformitate cu\nacestea.<\/p>\n\n\n\n<p>Neacceptarea Termenilor si Conditiilor de catre Utilizatorii mentionati mai\nsus atrage obligatia acestora de a inceta de indata accesarea site-ului.<\/p>\n\n\n\n<p>Naturebonsai.ro isi rezerva dreptul de a schimba si actualiza in orice\nmoment continutul acestui site, fara nici un fel de notificare prealabila.<\/p>\n\n\n\n<h3><strong>Exemption from liability<\/strong><\/h3>\n\n\n\n<p>Utilizatorii inteleg si accepta ca administratorul site-ului este absolvit\nde orice raspundere in eventualitatea producerii oricarei opriri, intreruperi,\ningreunari, disfunctionalitati sau erori in functionarea site-ului care nu se\ndatoreaza in mod direct si exclusiv culpei grave a administratorului site-ului.<\/p>\n\n\n\n<p>naturebonsai.ro nu raspunde de continutul,\ncalitatea sau natura site-urilor la care se ajunge prin legaturi de pe site-ul &nbsp;naturebonsai.ro, indiferent de natura acestor\nlegaturi. Pentru respectivele site-uri, raspunderea o poarta, integral,\nproprietarii site-urilor in cauza.&nbsp; <\/p>\n\n\n\n<p>naturebonsai.ro nu ofera nici o garantie, in\nmod expres nici implicit, in ceea ce priveste inclusiv dar fara limitare la,\nfunctionarea acestui site, informatia, continutul, materialele sau produsele de\npe site precum si potrivirea lor pentru un anumit scop.<\/p>\n\n\n\n<p>In anumite cazuri, imaginile sunt prezentate pe site cu titlu de exemplu,\niar produsele efectiv livrate pot diferi de imagini in orice mod (culoare,\naccesorii, aspect etc.).&nbsp;Administratorul site-ului nu isi asuma\nresponsabilitatea pentru diferentele ce pot surveni intre imaginile prezentate\npe site si produsul comandat si primit de catre comparator.<\/p>\n\n\n\n<h3><strong>Access to the site<\/strong><\/h3>\n\n\n\n<p>naturebonsai.ro garanteaza utilizatorului\nacces limitat, in interes personal, pe acest site si nu ii confera dreptul de a\ndescarca sau de a modifica partial sau integral site-ul, de a reproduce partial\nsau integral site-ul, de a copia, de a vinde\/revinde sau de a exploata site-ul\nin orice alta maniera, in scopuri comerciale sau contrare intereselor\nnaturebonsai.ro fara acordul scris prealabil al acesteia.<\/p>\n\n\n\n<h3><strong>Copyright<\/strong><\/h3>\n\n\n\n<p>Continutul site-ului &nbsp;naturebonsai.ro, incluzand, enumerativ,\ntexte, imagini, grafice, butoane, programe, elemente de grafica web, scripturi\nsi orice alte date, este proprietatea RMC-PFA si\/sau a partenerilor sai\nsi\/sau a furnizorilor sai si este protejat conform Legii drepturilor de autor\nsi legilor privind dreptul de proprietate intelectuala si industriala.<\/p>\n\n\n\n<p>Design-ul site-ului este proprietatea exclusiva a RMC-PFA si este protejata de Legea\ndrepturilor de autor si de legile privind proprietatea intelectuala si\nindustriala. Folosirea fara acordul scris al RMC-PFA a oricaror elemente enumerate\nmai sus se pedepseste conform legilor in vigoare.<\/p>\n\n\n\n<p>Toate programele folosite pe acest site sunt proprietatea RMC-PFA sau a furnizorilor sai de\nprograme si sunt protejate de Legea drepturilor de autor.<\/p>\n\n\n\n<p>Utilizatorii accepta si inteleg faptul ca orice materiale, imagini, texte,\ninformatii, date prezentate pe site-ul &nbsp;naturebonsai.ro au un caracter informativ si\norientativ si administratorul site-ului nu poate fi tras la raspundere in\nniciun fel pentru acuratetea si veridicitatea acestora. Continutul site-ului\npoate fi utilizat numai in scop personal, non comercial si prin accesarea si\nutilizarea site-ului, utilizatorii inteleg si accepta ca nu au voie in niciun\nfel si in nicio circumstanta sa preia, sa copieze, sa modifice, sa publice, sa\nreproduca, sa transmita, sa vanda sau sa distribuie in niciun fel continutul\nacestui site, altfel decat in scopuri personale, non comerciale. In cazul in\ncare unul sau mai multi utilizatori au incalcat prevederea mai sus mentionata, administratorul\nisi rezerva dreptul de a actiona in instanta utilizatorul\/ii pentru a cere\ndaune interese.<\/p>\n\n\n\n<p>Utilizatorii se obliga sa respecte toate drepturile de autor si orice alte\ndrepturi de proprietate intelectuala pe care administratorul site-ului le\ndetine asupra continutului acestui site.<\/p>\n\n\n\n<h3><strong>Price<\/strong><\/h3>\n\n\n\n<p>Pretul final platit de Client este format din pretul produsului +\ncheltuielile de expeditie si\/sau incasare aferente. Preturile de livrare sunt\ndetaliate pe site si vor fi afisate in cadrul fiecarei comenzi.&nbsp;Toate\npreturile aferente produselor si serviciilor comercializate prin intermediul\nsite-ului sunt exprimate in lei.<\/p>\n\n\n\n<p>Administratorul site-ului nu poate fi tras la raspundere pentru\nneintelegerea, neverificarea sau neatentia utilizatorului in plasarea comenzii.\nUtilizatorul intelege, accepta si isi asuma raspunderea pentru plasarea\noricarei comenzi pe site-ul &nbsp;naturebonsai.ro, iar in cazul in care doreste\nreturnarea produsului, va accepta si respecta in totalitate termenii si\nconditiile prezentate in cadrul sectiunii de retur.<\/p>\n\n\n\n<p>naturebonsai.ro va putea desfasura orice\ncampanie promotionala referitor la produsele afisate pe site, promotii ale\ncaror conditii vor fi stabilite in intregime de catre &nbsp;naturebonsai.ro, fara obligatii fata de\ncumparatorii care au achizitionat anterior acelasi tip de produse la alte\npreturi.<\/p>\n\n\n\n<p>naturebonsai.ro nu garanteaza\ndisponibilitatea pe stoc a produselor pentru promotie si o poate intrerupe sau\nanula in orice moment fara nici o notificare prealabila.<\/p>\n\n\n\n<p>In eventualitatea in care pretul produsului sau unele caracteristici ale\nprodusului au fost gresit introduse in bazele noastre de date, sau afisate\ngresit iar livrarea nu s-a efectuat inca, RMC-PFA isi aloca dreptul de a anula\nlivrarea respectivului produs si de a anunta clientul in cel mai scurt timp\ndespre eroarea aparuta.<\/p>\n\n\n\n<h3><strong>delivery<\/strong><\/h3>\n\n\n\n<p>Livrarile se fac intre 48-72 ore de la acceptarea Comenzii, pentru produsele\ndisponibile&nbsp;in stoc sau cum este mentionat in pagina produsului. Pentru\nprodusele care nu se afla in stoc, termenul maxim de livrare este de 10&nbsp;de\nzile de la data confirmarii Comenzii.<\/p>\n\n\n\n<p>Livrarea se va face prin&nbsp;Curier&nbsp;rapid. Compania de curierat cat si\npretul de livrare vor fi afisate in pagina de comanda.<\/p>\n\n\n\n<p>Clientul va fi contactat telefonic de catre Curier in prealabil pentru a\nobtine confirmarea prezentei acestuia la adresa si ora selectate in momentul\nvalidarii Comenzii pe site.<\/p>\n\n\n\n<p>Clientul se obliga sa fie prezent la adresa de livrare indicata, in\nintervalul orar selectat. Intervalul orar va putea fi modificat, ulterior\nselectarii, doar cu acordul Curierului.<\/p>\n\n\n\n<p>Livrarea se considera a fi indeplinita de catre &nbsp;naturebonsai.ro, la momentul predarii\nproduselor Comandate catre Client la adresa mentionata&nbsp;de acesta la\nmomentul plasarii Comenzii.<\/p>\n\n\n\n<h3><strong>Return policy<\/strong><\/h3>\n\n\n\n<p>Orice client care achizitioneaza produse de pe magazinul online naturebonsai.ro are posibilitatea returnarii\nprodusului sau produselor conform Ordonantei nr. 130 din 31 august 2000\ncompletata prin legea nr. 51 din 21 ianuarie 2003 pentru aprobarea ordonantei\nGuvernului nr. 130\/2000 privind regimul juridic al contractelor la\ndistanta.&nbsp;Clientul&nbsp;are dreptul de a returna, in termen de 10\nzile&nbsp;lucratoare, fara penalitati si fara invocarea vreunui motiv.\nSingurele costuri care pot cadea in&nbsp;sarcina Cientului&nbsp;sunt\ncheltuielile de&nbsp;returnare a produselor.<\/p>\n\n\n\n<p>Clientul se obliga sa notifice &nbsp;naturebonsai.ro intentia sa de a returna\nprodusele achizitionate, prin e-mail&nbsp;office@naturebonsai.ro sau prin telefon la numarul 0720.516.026.<\/p>\n\n\n\n<p>In orice situatie de returnare a produselor, acestea trebuie sa fie in\naceeasi stare in care au fost trimise Clientului, in ambalajul original, cu\netichetele intacte si impreuna cu toate documentele care l-au insotit (factura,\ncertificat de garantie etc.). Produsele returnate trebuie sa fie in aceeasi\nconditie ca la primire: fara defecte (cu exceptia viciilor ascunse si exceptand\ndefectele deja semnalate de Client in corespondenta cu naturebonsai.ro).<\/p>\n\n\n\n<p>In conformitate cu legea in vigoare, naturebonsai.ro isi rezerva dreptul de\na nu accepta returnarea produselor care, prin natura lor, nu pot fi returnate\nsau care se pot degrada (perisabile) ori deteriora rapid (plante, seminte).<\/p>\n\n\n\n<p>Produsul trebuie returnat exact in starea in care a fost primit, in acelasi\nambalaj, fara a avea urme de uzura, deterioarare sau alte probleme. Produsele\nse vor trimite inapoi in forma completa (produs, certificat de garantie, manual\nde utilizare, fise tehnice si factura in original ) facand dovada ca produsul a\nfost achizitionat de pe magazinul online naturebonsai.ro.<\/p>\n\n\n\n<p>In cazul in care clientul doreste schimbarea produsului cu unul nou, trebuie\nspecificat in e-mail noul produs. In cazul in care clientul doreste returnarea\nbanilor, pe adresa de e-mail se va trimite contul unde urmeaza a fi transferati\nbanii.<\/p>\n\n\n\n<p>Costurile de returnare vor fi suportate de catre client in totalitate si se\nva face doar prin curier rapid.&nbsp;Returnarea banilor se face in termen de maxim\n30 de zile de la data primirii e-mailului cu notificarea privind returnarea\nprodusului si dupa ce Clientul face dovada trimiterii produsului prin Curier\nrapid.<\/p>\n\n\n\n<h3><strong>Conflict resolution. applicable law<\/strong><\/h3>\n\n\n\n<p>Contractul va fi guvernat si interpretat in conformitate cu legea romana.\nOrice conflict aparut intre naturebonsai.ro si Clienti va fi rezolvat pe\ncale amiabila. In cazul in care acest lucru nu este posibil, prima cale de\nsolutionare este medierea, in conditiile legii, iar daca aceasta esueaza se\napeleaza la instantele romanesti competente de pe raza Municipiului Bucuresti<\/p>\n\n\n\n<p>Prin accesarea si utilizarea oricaror servicii ale acestui site, clientul si utilizatorul intelege si accepta in totalitate acesti Termeni si Conditii si isi asuma in totalitate eventualele riscuri ce decurg din utilizarea serviciilor site-ului \u00a0naturebonsai.ro. Va rugam sa accesati si sectiunea\u00a0<a href=\"https:\/\/www.naturebonsai.ro\/en\/politica-de-confidentialitate\/\">Privacy policy<\/a>\u00a0care se aplica de asemenea accesului\/vizitei tale pe site. <\/p>","protected":false},"excerpt":{"rendered":"<p>Prezentul document, continand termenii si conditiile de utilizare ale site-ului &nbsp;naturebonsai.ro, stabileste conditiile in care orice persoana poate vizita ori accesa site-ul &nbsp;naturebonsai.ro ori poate utiliza in orice mod serviciile oferite prin intermediul site-ului. Site-ul &nbsp;naturebonsai.ro, denumit in continuare \u201cnaturebonsai.ro\u201d, este detinut si administrat de RADUTA MARIUS-CRISTIAN PERSOANA FIZICA AUTORIZATA, in continuare RMC-PFA, avand urmatoarele [&hellip;]<\/p>","protected":false},"author":1,"featured_media":0,"parent":0,"menu_order":0,"comment_status":"closed","ping_status":"closed","template":"","meta":[],"yoast_head":"<!-- This site is optimized with the Yoast SEO plugin v16.3 - https:\/\/yoast.com\/wordpress\/plugins\/seo\/ -->\n<title>Termeni si conditii - NatureBONSAI<\/title>\n<meta name=\"robots\" content=\"index, follow, max-snippet:-1, max-image-preview:large, max-video-preview:-1\" \/>\n<link rel=\"canonical\" href=\"https:\/\/www.naturebonsai.ro\/en\/termeni-si-conditii\/\" \/>\n<meta property=\"og:locale\" content=\"en_US\" \/>\n<meta property=\"og:type\" content=\"article\" \/>\n<meta property=\"og:title\" content=\"Termeni si conditii - NatureBONSAI\" \/>\n<meta property=\"og:description\" content=\"Prezentul document, continand termenii si conditiile de utilizare ale site-ului &nbsp;naturebonsai.ro, stabileste conditiile in care orice persoana poate vizita ori accesa site-ul &nbsp;naturebonsai.ro ori poate utiliza in orice mod serviciile oferite prin intermediul site-ului. Site-ul &nbsp;naturebonsai.ro, denumit in continuare \u201cnaturebonsai.ro\u201d, este detinut si administrat de RADUTA MARIUS-CRISTIAN PERSOANA FIZICA AUTORIZATA, in continuare RMC-PFA, avand urmatoarele [&hellip;]\" \/>\n<meta property=\"og:url\" content=\"https:\/\/www.naturebonsai.ro\/en\/termeni-si-conditii\/\" \/>\n<meta property=\"og:site_name\" content=\"NatureBONSAI\" \/>\n<meta property=\"article:modified_time\" content=\"2020-02-09T16:10:30+00:00\" \/>\n<meta name=\"twitter:card\" content=\"summary_large_image\" \/>\n<meta name=\"twitter:label1\" content=\"Est. reading time\">\n\t<meta name=\"twitter:data1\" content=\"8 minutes\">\n<script type=\"application\/ld+json\" class=\"yoast-schema-graph\">{\"@context\":\"https:\/\/schema.org\",\"@graph\":[{\"@type\":\"Organization\",\"@id\":\"https:\/\/www.naturebonsai.ro\/en\/#organization\",\"name\":\"NatureBonsai\",\"url\":\"https:\/\/www.naturebonsai.ro\/en\/\",\"sameAs\":[],\"logo\":{\"@type\":\"ImageObject\",\"@id\":\"https:\/\/www.naturebonsai.ro\/en\/#logo\",\"inLanguage\":\"en-US\",\"url\":\"https:\/\/www.naturebonsai.ro\/wp-content\/uploads\/2020\/01\/logo-color-100w.png\",\"contentUrl\":\"https:\/\/www.naturebonsai.ro\/wp-content\/uploads\/2020\/01\/logo-color-100w.png\",\"width\":100,\"height\":60,\"caption\":\"NatureBonsai\"},\"image\":{\"@id\":\"https:\/\/www.naturebonsai.ro\/en\/#logo\"}},{\"@type\":\"WebSite\",\"@id\":\"https:\/\/www.naturebonsai.ro\/en\/#website\",\"url\":\"https:\/\/www.naturebonsai.ro\/en\/\",\"name\":\"NatureBONSAI\",\"description\":\"Plante de exterior si instrumente bonsai\",\"publisher\":{\"@id\":\"https:\/\/www.naturebonsai.ro\/en\/#organization\"},\"potentialAction\":[{\"@type\":\"SearchAction\",\"target\":\"https:\/\/www.naturebonsai.ro\/en\/?s={search_term_string}\",\"query-input\":\"required name=search_term_string\"}],\"inLanguage\":\"en-US\"},{\"@type\":\"WebPage\",\"@id\":\"https:\/\/www.naturebonsai.ro\/termeni-si-conditii\/#webpage\",\"url\":\"https:\/\/www.naturebonsai.ro\/termeni-si-conditii\/\",\"name\":\"Termeni si conditii - NatureBONSAI\",\"isPartOf\":{\"@id\":\"https:\/\/www.naturebonsai.ro\/en\/#website\"},\"datePublished\":\"2020-01-01T22:11:33+00:00\",\"dateModified\":\"2020-02-09T16:10:30+00:00\",\"breadcrumb\":{\"@id\":\"https:\/\/www.naturebonsai.ro\/termeni-si-conditii\/#breadcrumb\"},\"inLanguage\":\"en-US\",\"potentialAction\":[{\"@type\":\"ReadAction\",\"target\":[\"https:\/\/www.naturebonsai.ro\/termeni-si-conditii\/\"]}]},{\"@type\":\"BreadcrumbList\",\"@id\":\"https:\/\/www.naturebonsai.ro\/termeni-si-conditii\/#breadcrumb\",\"itemListElement\":[{\"@type\":\"ListItem\",\"position\":1,\"item\":{\"@type\":\"WebPage\",\"@id\":\"https:\/\/www.naturebonsai.ro\/\",\"url\":\"https:\/\/www.naturebonsai.ro\/\",\"name\":\"Prima pagin\\u0103\"}},{\"@type\":\"ListItem\",\"position\":2,\"item\":{\"@id\":\"https:\/\/www.naturebonsai.ro\/termeni-si-conditii\/#webpage\"}}]}]}<\/script>\n<!-- \/ Yoast SEO plugin. -->","_links":{"self":[{"href":"https:\/\/www.naturebonsai.ro\/en\/wp-json\/wp\/v2\/pages\/964"}],"collection":[{"href":"https:\/\/www.naturebonsai.ro\/en\/wp-json\/wp\/v2\/pages"}],"about":[{"href":"https:\/\/www.naturebonsai.ro\/en\/wp-json\/wp\/v2\/types\/page"}],"author":[{"embeddable":true,"href":"https:\/\/www.naturebonsai.ro\/en\/wp-json\/wp\/v2\/users\/1"}],"replies":[{"embeddable":true,"href":"https:\/\/www.naturebonsai.ro\/en\/wp-json\/wp\/v2\/comments?post=964"}],"version-history":[{"count":2,"href":"https:\/\/www.naturebonsai.ro\/en\/wp-json\/wp\/v2\/pages\/964\/revisions"}],"predecessor-version":[{"id":1912,"href":"https:\/\/www.naturebonsai.ro\/en\/wp-json\/wp\/v2\/pages\/964\/revisions\/1912"}],"wp:attachment":[{"href":"https:\/\/www.naturebonsai.ro\/en\/wp-json\/wp\/v2\/media?parent=964"}],"curies":[{"name":"wp","href":"https:\/\/api.w.org\/{rel}","templated":true}]}}